{"id":34,"date":"2024-06-26T07:24:13","date_gmt":"2024-06-26T07:24:13","guid":{"rendered":"https:\/\/pesulux.ee\/?page_id=34"},"modified":"2026-04-15T08:45:13","modified_gmt":"2026-04-15T08:45:13","slug":"34-2","status":"publish","type":"page","link":"https:\/\/pesulux.ee\/","title":{"rendered":"Avaleht"},"content":{"rendered":"<div class=\"wpb-content-wrapper\"><p>[vc_row el_id=&#8221;kodu&#8221; conditional_render=&#8221;%5B%7B%22value_role%22%3A%22administrator%22%7D%5D&#8221;][vc_column]\n\t\t\t\t<p class=\"rs-p-wp-fix\"><\/p>\n\t\t\t\t<sr7-module data-alias=\"slider-1\" data-id=\"1\" id=\"SR7_1_1\" class=\"rs-ov-hidden\" data-version=\"6.7.13\">\n\t\t\t\t\t<sr7-adjuster><\/sr7-adjuster>\n\t\t\t\t\t<sr7-content>\n\t\t\t\t\t\t<sr7-slide id=\"SR7_1_1-1\" data-key=\"1\">\n\t\t\t\t\t\t<\/sr7-slide>\n\t\t\t\t\t\t<sr7-slide id=\"SR7_1_1-3\" data-key=\"3\">\n\t\t\t\t\t\t<\/sr7-slide>\n\t\t\t\t\t\t<sr7-slide id=\"SR7_1_1-4\" data-key=\"4\">\n\t\t\t\t\t\t<\/sr7-slide>\n\t\t\t\t\t\t<sr7-slide id=\"SR7_1_1-2\" data-key=\"2\">\n\t\t\t\t\t\t<\/sr7-slide>\n\t\t\t\t\t<\/sr7-content>\n\t\t\t\t\t<image_lists style=\"display:none\">\n\t\t\t\t\t\t<img data-src=\"\/\/pesulux.ee\/wp-content\/uploads\/2024\/07\/20240718_171729-scaled.jpg\" data-libid=\"81\" data-lib=\"medialibrary\" title=\"20240718_171729\" width=\"0\" height=\"0\" data-dbsrc=\"Ly9wZXN1bHV4LmVlL3dwLWNvbnRlbnQvdXBsb2Fkcy8yMDI0LzA3LzIwMjQwNzE4XzE3MTcyOS1zY2FsZWQuanBn\"\/>\n\t\t\t\t\t\t<img data-src=\"\/\/pesulux.ee\/wp-content\/uploads\/2024\/07\/20240718_171724-scaled.jpg\" data-libid=\"80\" data-lib=\"medialibrary\" title=\"20240718_171724\" width=\"0\" height=\"0\" data-dbsrc=\"Ly9wZXN1bHV4LmVlL3dwLWNvbnRlbnQvdXBsb2Fkcy8yMDI0LzA3LzIwMjQwNzE4XzE3MTcyNC1zY2FsZWQuanBn\"\/>\n\t\t\t\t\t\t<img data-src=\"\/\/pesulux.ee\/wp-content\/uploads\/2024\/07\/20240718_171712-scaled.jpg\" data-libid=\"79\" data-lib=\"medialibrary\" title=\"20240718_171712\" width=\"0\" height=\"0\" data-dbsrc=\"Ly9wZXN1bHV4LmVlL3dwLWNvbnRlbnQvdXBsb2Fkcy8yMDI0LzA3LzIwMjQwNzE4XzE3MTcxMi1zY2FsZWQuanBn\"\/>\n\t\t\t\t\t<\/image_lists>\n\t\t\t\t<\/sr7-module>\n\t\t\t\t<script>\n\t\t\t\t\tSR7.PMH ??={}; SR7.PMH[\"SR7_1_1\"] = {cn:0,state:false,fn: function() { if (_tpt!==undefined && _tpt.prepareModuleHeight !== undefined) {  _tpt.prepareModuleHeight({id:\"SR7_1_1\",el:[700,700,768,960,720],type:'standard',shdw:'0',gh:[700,700,,,],gw:[1240,1240,1024,778,480],vpt:['100px'],size:{fullWidth:true, fullHeight:false},mh:'0',onh:0,onw:0,bg:{color:'{\"orig\":\"transparent\",\"type\":\"solid\",\"string\":\"transparent\"}'}});   SR7.PMH[\"SR7_1_1\"].state=true;} else if((SR7.PMH[\"SR7_1_1\"].cn++)<100)\tsetTimeout( SR7.PMH[\"SR7_1_1\"].fn,19);}};SR7.PMH[\"SR7_1_1\" ].fn();\n\t\t\t\t<\/script>\n[\/vc_column][\/vc_row][vc_row el_id=&#8221;teenused&#8221; conditional_render=&#8221;%5B%7B%22value_role%22%3A%22administrator%22%7D%5D&#8221;][vc_column]<div class=\"porto-u-heading  wpb_custom_95aa9a11c17ad45cfabaf210d84ee7cc porto-u-1865 \"><div class=\"porto-u-main-heading\"><h2  >Teenused<\/h2><\/div><div class=\"porto-u-sub-heading\" style=\"\">Oleme t\u00f6\u00f6stuslikul tasemelpesumaja, mille p\u00f5hitegevusalaks on osutada j\u00e4rgmisi teenuseid<\/div><style>.porto-u-1865.porto-u-heading{text-align:center}<\/style><\/div>[vc_tta_tour][vc_tta_section title=&#8221;Pesumaja&#8221; tab_id=&#8221;1719471486806-e75ab308-b1c0&#8243;][vc_column_text css=&#8221;&#8221;]<\/p>\n<ul>\n<li>Suurtes kogustes pesu,riideid ja muude tootedepesemine hotellide ja restoranide jaoks<\/li>\n<li>Aurutamine ja triikimine kaasaegse tehnoloogia abil<\/li>\n<li>Vormiriietuse ja t\u00f6\u00f6r\u00f5ivade aurutamine mannekeenide abil<\/li>\n<\/ul>\n<p>[\/vc_column_text][\/vc_tta_section][vc_tta_section title=&#8221;Autopark&#8221; tab_id=&#8221;1719471486826-286f277f-6d20&#8243;][vc_column_text css=&#8221;&#8221;]<\/p>\n<ul>\n<li>8 veoautod<\/li>\n<li>J\u00e4lgimine<\/li>\n<li>Tellimuste kohaletoimetamine \u00fcle Eesti<\/li>\n<\/ul>\n<p>[\/vc_column_text][\/vc_tta_section][vc_tta_section title=&#8221;P\u00e4ikesepark&#8221; tab_id=&#8221;1719472008017-d9b1c20e-0d63&#8243;][\/vc_tta_section][vc_tta_section title=&#8221;J\u00f5hvi Vesi&#8221; tab_id=&#8221;1719472010557-19195efc-f692&#8243;][vc_column_text css=&#8221;&#8221;]Osa\u00fchingule J\u00f5hvi vesi kuulub 2 arteesia puurkaevu, mis asuvad J\u00f5hvi linna territooriumil.<\/p>\n<p>V\u00e4ljastatud on ka J\u00f5hvi Vallavalitsuse poolt ehitusluba kolmanda puurkaevu rajamiseks<\/p>\n<p>2017 a. valmib uus ja kaasaegne veepuhastusjaam, mis tagab joogivee kvaliteedi, mis vastab Euro n\u00f5uetele.<\/p>\n<p><a href=\"https:\/\/vesi.pesulux.ee\">Uuri l\u00e4hemalt.<\/a>[\/vc_column_text][\/vc_tta_section][vc_tta_section title=&#8221;Individuaalsete teenuste pakett&#8221; tab_id=&#8221;1719475672490-a0cd1ae8-59ee&#8221;][vc_column_text css=&#8221;&#8221;]Samuti oleme alati valmis andma t\u00e4ieliku individuaalsete teenuste pakett vastavalt klientide n\u00f5udmistele. Meie ettev\u00f5te PESULUX pakub komplekse teenuseid sanatooriumidele, kuurordidele, restoranidele, toitlustusettev\u00f5tetele ja hotellidele.[\/vc_column_text][\/vc_tta_section][\/vc_tta_tour][\/vc_column][\/vc_row][vc_row el_id=&#8221;meist&#8221; conditional_render=&#8221;%5B%7B%22value_role%22%3A%22administrator%22%7D%5D&#8221;][vc_column]<div class=\"porto-u-heading  wpb_custom_95aa9a11c17ad45cfabaf210d84ee7cc porto-u-6296 \"><div class=\"porto-u-main-heading\"><h2  >Meist<\/h2><\/div><style>.porto-u-6296.porto-u-heading{text-align:center}<\/style><\/div>[vc_column_text css=&#8221;&#8221;]Meie ettev\u00f5te PESULUX pakub komplekse teenuseid sanatooriumidele, kuurordidele, restoranidele, toitlustusettev\u00f5tetele ja hotellidele.<\/p>\n<p>Kujuta endast \u00fcks suurimaid pesumajasid Eestis, meie p\u00fcstitame eesm\u00e4rgiks v\u00f5tta juhtpositsiooni selles valdkonnas , seada uusi prioriteete pesu ja voodipesu pesemist ja kohaletoimetamist. Me otsustasime esitleda Teile uus korporatiivne stiil, mille eesm\u00e4rk on toetada edukat arengut ja olema kaasaegne ja arenenud ettev\u00f5te turul. Meie arengusuund l\u00e4hiaastatel &#8211; uuenduslikku l\u00e4henemisviisk\u00f5igis tegevuse etappides. Me nimetame v\u00e4\u00e4rtusi, millele me tahame keskenduda, ja peamine neist &#8211; see on keskkonnas\u00f5bralik ja ettevaatus pesu hoolitsemises. Oma tegevuses \u00abPesulux O\u00dc\u00bb p\u00f5hineb juhtivate v\u00e4lismaiste puhtuste institutsioonide kogemustele. Praegu t\u00e4iesti vastame rahvusvahelistele standartideleISO 9001 ja ISO 14001.<\/p>\n<p>Selle eest me kasutame suurimate ettev\u00f5tete Stahl, Primus ja Electrolux uusi seadmeid, pesuvahendite eraldumise automaatne s\u00fcsteemi, vee puhastamise ja pehmendamise s\u00fcsteemisid, samuti professionaalselt koolitatud personal. See v\u00f5imaldab meil t\u00e4ita kehtivaid keskkonnakaitse ja energias\u00e4\u00e4stun\u00f5udeidja oluliselt suurendada tootlikkust ja s\u00e4ilitadameie teenuseid k\u00f5rget kvaliteeti. Oleme seadnud eesm\u00e4rgiks saada firmaks, mis on p\u00f5hinenud innovatsiooni, t\u00f5hususe, individuaalse l\u00e4henemise p\u00f5him\u00f5ttete ja keskkonaga sobivuse peal. Meie eesm\u00e4rgiks on reageerida kiiresti ja paindlikult vastavalt klientide vajadustele. Me arendame erinevaid programme \u00e4riklientidele, v\u00f5ttes arvesse meie kliendilek\u00f5iki soove. Aitame puhtana hoida ja vabaneda tarbetuid mured. Usaldades meile, Teie usaldage t\u00f5elistele spetsialistidele (professionalidele)![\/vc_column_text][vc_row_inner css=&#8221;.vc_custom_1728395308425{margin-right: 18% !important;margin-left: 18% !important;}&#8221;][vc_column_inner width=&#8221;1\/2&#8243;][vc_line_chart x_values=&#8221;2014; 2016; 2016; 2020; 2022; 2024;&#8221; values=&#8221;%5B%7B%22title%22%3A%22T%C3%B6%C3%B6tajate%20arv%22%2C%22y_values%22%3A%2212%3B%2023%3B%2035%3B%2048%3B%2054%3B%2060%22%2C%22color%22%3A%22blue%22%7D%5D&#8221; css=&#8221;&#8221; title=&#8221;T\u00f6\u00f6tajad&#8221;]<div class=\"stats-block stats-top   wpb_custom_a517333ace5b1666c6af8bd4684f1de9\"><div class=\"stats-desc\"><div id=\"counter_202098342969f5ebb7c2014\" data-id=\"counter_202098342969f5ebb7c2014\" class=\"stats-number\" style=\" \" data-speed=\"3\" data-counter-value=\"60\" data-separator=\",\" data-decimal=\".\">0<\/div><div class=\"stats-text\" style=\"\"><\/div><\/div><\/div>[\/vc_column_inner][vc_column_inner width=&#8221;1\/2&#8243;][vc_line_chart x_values=&#8221;2014; 2015; 2016; 2017; 2018; 2019; 2020; 2021; 2022; 2023; 2024;&#8221; values=&#8221;%5B%7B%22title%22%3A%22Maht%20(kg%2Fp%C3%A4evas)%22%2C%22y_values%22%3A%2250%3B%20500%3B%20800%3B%201200%3B%201800%3B%202200%3B%203500%3B%205000%3B%206000%3B%208500%3B%2010000%22%2C%22color%22%3A%22pink%22%7D%5D&#8221; css=&#8221;&#8221; title=&#8221;Maht&#8221;]<div class=\"stats-block stats-top   wpb_custom_a517333ace5b1666c6af8bd4684f1de9\"><div class=\"stats-desc\"><div id=\"counter_71017420969f5ebb7c209b\" data-id=\"counter_71017420969f5ebb7c209b\" class=\"stats-number\" style=\" \" data-speed=\"3\" data-counter-value=\"10000\" data-separator=\",\" data-decimal=\".\">0<\/div><div class=\"stats-text\" style=\"\"><\/div><\/div><\/div>[\/vc_column_inner][\/vc_row_inner][vc_row_inner][vc_column_inner]<div class=\"porto-u-heading  wpb_custom_95aa9a11c17ad45cfabaf210d84ee7cc porto-u-1286 \"><div class=\"porto-u-main-heading\"><h2  >Kontakt<\/h2><\/div><style>.porto-u-1286.porto-u-heading{text-align:center}<\/style><\/div>[\/vc_column_inner][\/vc_row_inner][vc_row_inner][vc_column_inner width=&#8221;1\/3&#8243;]<div class=\"porto-sicon-box float-right  wpb_custom_1efe903570d178ff0a9b7bfa5febd3a4 style_1 default-icon flex-wrap\"><div class=\"porto-sicon-default\"><div class=\"porto-just-icon-wrapper porto-icon none\" style=\"font-size:32px;\"><i class=\"fas fa-phone\"><\/i><\/div><\/div><div class=\"porto-sicon-header\"><h3 class=\"porto-sicon-title\" style=\"\">Telefon<\/h3><\/div> <!-- header --><div class=\"porto-sicon-description\" style=\"\">\n<div class=\"porto-sicon-body\">\n<div class=\"porto-sicon-description\" style=\"text-align: left;\">+372 56 92 8812, +372 50 17837<\/div>\n<\/div>\n<p><\/div> <!-- description --><\/div><!-- porto-sicon-box -->[\/vc_column_inner][vc_column_inner width=&#8221;1\/3&#8243;]<div class=\"porto-sicon-box  wpb_custom_1efe903570d178ff0a9b7bfa5febd3a4 style_1 default-icon flex-wrap\"><div class=\"porto-sicon-default\"><div class=\"porto-just-icon-wrapper porto-icon none\" style=\"font-size:32px;\"><i class=\"fas fa-building\"><\/i><\/div><\/div><div class=\"porto-sicon-header\"><h3 class=\"porto-sicon-title\" style=\"\">Pesulux O\u00dc<\/h3><\/div> <!-- header --><div class=\"porto-sicon-description\" style=\"\">\n<div class=\"porto-sicon-body\">\n<div class=\"porto-sicon-description\">Ida-Viru maakond, J\u00f5hvi vald, J\u00f5hvi linn, Malmi tn 6a, 41537<\/div>\n<\/div>\n<p><\/div> <!-- description --><\/div><!-- porto-sicon-box -->[\/vc_column_inner][vc_column_inner width=&#8221;1\/3&#8243;]<div class=\"porto-sicon-box  wpb_custom_1efe903570d178ff0a9b7bfa5febd3a4 style_1 default-icon flex-wrap\"><div class=\"porto-sicon-default\"><div class=\"porto-just-icon-wrapper porto-icon none\" style=\"font-size:32px;\"><i class=\"fas fa-at\"><\/i><\/div><\/div><div class=\"porto-sicon-header\"><h3 class=\"porto-sicon-title\" style=\"\">Email<\/h3><\/div> <!-- header --><div class=\"porto-sicon-description\" style=\"\"><a href=\"mailto:info@pesulux.ee\">info@pesulux.ee<\/a><\/div> <!-- description --><\/div><!-- porto-sicon-box -->[\/vc_column_inner][\/vc_row_inner][vc_column_text css=&#8221;&#8221;][\/vc_column_text][\/vc_column][\/vc_row][vc_row el_id=&#8221;sertifikaadid&#8221; conditional_render=&#8221;%5B%7B%22value_role%22%3A%22administrator%22%7D%5D&#8221;][vc_column]<div class=\"porto-u-heading  wpb_custom_95aa9a11c17ad45cfabaf210d84ee7cc porto-u-2572 \"><div class=\"porto-u-main-heading\"><h2  >Sertifikaadid<\/h2><\/div><style>.porto-u-2572.porto-u-heading{text-align:center}<\/style><\/div>[vc_row_inner][vc_column_inner width=&#8221;1\/3&#8243;][vc_single_image image=&#8221;73&#8243; img_size=&#8221;medium&#8221; css=&#8221;&#8221;][\/vc_column_inner][vc_column_inner width=&#8221;1\/3&#8243;][vc_single_image image=&#8221;71&#8243; img_size=&#8221;medium&#8221; css=&#8221;&#8221;][\/vc_column_inner][vc_column_inner width=&#8221;1\/3&#8243;][vc_column_text css=&#8221;&#8221;]Oma tegevuses \u00abPesulux O\u00dc\u00bb p\u00f5hineb juhtivate v\u00e4lismaiste puhtuste institutsioonide kogemustele. Praegu t\u00e4iesti vastame rahvusvahelistele standartideleISO 9001 ja ISO 14001.[\/vc_column_text][\/vc_column_inner][\/vc_row_inner][\/vc_column][\/vc_row][vc_row el_id=&#8221;tehnilised-seadmed&#8221; conditional_render=&#8221;%5B%7B%22value_role%22%3A%22administrator%22%7D%5D&#8221;][vc_column]<div class=\"porto-u-heading  wpb_custom_95aa9a11c17ad45cfabaf210d84ee7cc porto-u-8275 \"><div class=\"porto-u-main-heading\"><h2  >Tehnilised seadmed<\/h2><\/div><style>.porto-u-8275.porto-u-heading{text-align:center}<\/style><\/div>[vc_empty_space height=&#8221;200px&#8221;][\/vc_column][\/vc_row][vc_row el_id=&#8221;projektid&#8221; conditional_render=&#8221;%5B%7B%22value_role%22%3A%22administrator%22%7D%5D&#8221;][vc_column]<div class=\"porto-u-heading  wpb_custom_95aa9a11c17ad45cfabaf210d84ee7cc porto-u-7228 \"><div class=\"porto-u-main-heading\"><h2  >Projektid<\/h2><\/div><style>.porto-u-7228.porto-u-heading{text-align:center}<\/style><\/div>[vc_row_inner][vc_column_inner][vc_text_separator title=&#8221;O\u00dc Pesulux uue triikimisliini soetamine&#8221; title_align=&#8221;separator_align_left&#8221; border_width=&#8221;3&#8243; css=&#8221;&#8221;][\/vc_column_inner][\/vc_row_inner][vc_row_inner][vc_column_inner width=&#8221;1\/4&#8243;][vc_single_image image=&#8221;124&#8243; img_size=&#8221;full&#8221; css=&#8221;&#8221;][\/vc_column_inner][vc_column_inner width=&#8221;3\/4&#8243;][vc_images_carousel images=&#8221;159,160&#8243; img_size=&#8221;1024&#215;480&#8243; css=&#8221;&#8221;][vc_column_text css=&#8221;&#8221;]Perioodil 08.03.2024\u00a0&#8211;\u00a031.10.2024. a viib Pesulux O\u00dc ellu projekti \u201eO\u00dc Pesulux uue triikimisliini soetamine\u201c, mida kaasrahastab Euroopa Liit.<\/p>\n<p>O\u00dc Pesulux projekti eesm\u00e4rk on suurendada ettev\u00f5tte tootmisv\u00f5imsust. K\u00e4esoleva projekti\u00a0raames soetatakse triikimisliin, mis koosneb ettes\u00f6\u00f6tjast, sirgpesu triikimiskalandrist,\u00a0pakkijast ning virnastajast.\u00a0Projekti tulemusena suureneb ettev\u00f5tte tootlikkus, kuna uus triikimisliin suudab tunnis triikida 2,5 korda rohkem pesu, kuid ei vaja samas t\u00e4iendavat t\u00f6\u00f6j\u00f5udu. Lisaks paraneb ettev\u00f5tte teenuse kvaliteet,\u00a0t\u00f6\u00f6tajate t\u00f6\u00f6tingimused ning luuakse eeldused k\u00e4ibe ja lisandv\u00e4\u00e4rtuse kasvuks.<\/p>\n<p>Meede: 2021-2027.6.1 (EK nr 8.1) \u00d5iglane \u00fcleminek<br \/>\nTaotlusvoor: Ida-Viru v\u00e4ike- ja keskmise suurusega ettev\u00f5tjate investeeringute toetus<br \/>\nProjekti kogumaksumus: 536\u00a0783 eurot<br \/>\nToetussumma: 339\u00a0220,64 eurot<br \/>\nOmafinantseering: 197\u00a0562,36 eurot[\/vc_column_text][\/vc_column_inner][\/vc_row_inner][vc_row_inner][vc_column_inner][vc_text_separator title=&#8221;O\u00dc Pesulux 2.0: uute kliendisegmentide h\u00f5ivamine&#8221; title_align=&#8221;separator_align_left&#8221; border_width=&#8221;3&#8243; css=&#8221;&#8221;][\/vc_column_inner][\/vc_row_inner][vc_row_inner][vc_column_inner width=&#8221;1\/4&#8243;][vc_single_image image=&#8221;214&#8243; img_size=&#8221;full&#8221; css=&#8221;&#8221;][\/vc_column_inner][vc_column_inner width=&#8221;3\/4&#8243;][vc_column_text css=&#8221;&#8221;]Perioodil 01.09.2024\u00a0&#8211;\u00a030.06.2025. a viib Pesulux O\u00dc ellu projekti \u201eO\u00dc Pesulux 2.0: uute kliendisegmentide h\u00f5ivamine\u201c, mida kaasrahastab Euroopa Liit.<\/p>\n<p>Projekti eesm\u00e4rk on arendada v\u00e4lja v\u00f5imekus tuleviku turu ootustele ja vajadustele vastamiseks ning uute kliendisegmentide h\u00f5ivamiseks. Projekti raames soetatakse seadmed konteinerite pesuks, v\u00e4iksemagabariidilise pesu k\u00f5rge kvaliteediga triikimiseks ja t\u00f6\u00f6r\u00f5ivaste suuremahuliseks pesuks ning viimistlemiseks.<\/p>\n<p>Meede: 2021-2027.6.1 (EK nr 8.1) \u00d5iglane \u00fcleminek<br \/>\nTaotlusvoor: Ida-Viru v\u00e4ike- ja keskmise suurusega ettev\u00f5tjate investeeringute toetus<br \/>\nToetuse summa: 231\u00a0082,96 eurot[\/vc_column_text][\/vc_column_inner][\/vc_row_inner][vc_row_inner][vc_column_inner][vc_text_separator title=&#8221;Pesulux O\u00dc digitaliseerimise teekaarti koostamine&#8221; title_align=&#8221;separator_align_left&#8221; border_width=&#8221;3&#8243; css=&#8221;&#8221;][\/vc_column_inner][\/vc_row_inner][vc_row_inner][vc_column_inner width=&#8221;1\/4&#8243;][vc_single_image image=&#8221;214&#8243; img_size=&#8221;full&#8221; css=&#8221;&#8221;][\/vc_column_inner][vc_column_inner width=&#8221;3\/4&#8243;][vc_column_text css=&#8221;&#8221;]Pesulux O\u00dc digitaliseerimise teekaarti koostamine<\/p>\n<p>Projektiperiood 19.05 &#8211; 14.08.2025<\/p>\n<p>Projekti eesm\u00e4rk<br \/>\nPesulux O\u00dc digitaliseerimise teekaardi projekti eesm\u00e4rk oli<br \/>\nkaardistada ettev\u00f5tte t\u00e4nased t\u00f6\u00f6protsessid, tuvastada kitsaskohad<br \/>\nning t\u00f6\u00f6tada v\u00e4lja kolmeaastane tegevusplaan, mis toetab andmevoogude<br \/>\nkorrastamist, tootmise efektiivsuse suurendamist ja k\u00fcberturvalisuse<br \/>\nparandamist. Projekti fookuses on nutikate tehnoloogiate rakendamine,<br \/>\nmis aitavad v\u00e4hendada f\u00fc\u00fcsilise t\u00f6\u00f6 osakaalu ning suurendada juhtimis-<br \/>\nja otsustusprotsesside andmep\u00f5hisust.[\/vc_column_text][\/vc_column_inner][\/vc_row_inner][\/vc_column][\/vc_row]<\/p>\n<\/div>","protected":false},"excerpt":{"rendered":"<p>[vc_row el_id=&#8221;kodu&#8221; conditional_render=&#8221;%5B%7B%22value_role%22%3A%22administrator%22%7D%5D&#8221;][vc_column][\/vc_column][\/vc_row][vc_row el_id=&#8221;teenused&#8221; conditional_render=&#8221;%5B%7B%22value_role%22%3A%22administrator%22%7D%5D&#8221;][vc_column][vc_tta_tour][vc_tta_section title=&#8221;Pesumaja&#8221; tab_id=&#8221;1719471486806-e75ab308-b1c0&#8243;][vc_column_text css=&#8221;&#8221;] Suurtes kogustes pesu,riideid ja muude tootedepesemine hotellide ja restoranide jaoks Aurutamine ja triikimine kaasaegse tehnoloogia abil Vormiriietuse ja t\u00f6\u00f6r\u00f5ivade aurutamine mannekeenide abil [\/vc_column_text][\/vc_tta_section][vc_tta_section title=&#8221;Autopark&#8221; tab_id=&#8221;1719471486826-286f277f-6d20&#8243;][vc_column_text css=&#8221;&#8221;] 8 veoautod J\u00e4lgimine Tellimuste kohaletoimetamine \u00fcle Eesti [\/vc_column_text][\/vc_tta_section][vc_tta_section title=&#8221;P\u00e4ikesepark&#8221; tab_id=&#8221;1719472008017-d9b1c20e-0d63&#8243;][\/vc_tta_section][vc_tta_section title=&#8221;J\u00f5hvi Vesi&#8221; tab_id=&#8221;1719472010557-19195efc-f692&#8243;][vc_column_text css=&#8221;&#8221;]Osa\u00fchingule J\u00f5hvi vesi kuulub 2 arteesia puurkaevu, mis [&hellip;]<\/p>\n","protected":false},"author":1,"featured_media":0,"parent":0,"menu_order":0,"comment_status":"closed","ping_status":"closed","template":"elementor_theme","meta":{"footnotes":""},"class_list":["post-34","page","type-page","status-publish","hentry"],"_links":{"self":[{"href":"https:\/\/pesulux.ee\/index.php?rest_route=\/wp\/v2\/pages\/34","targetHints":{"allow":["GET"]}}],"collection":[{"href":"https:\/\/pesulux.ee\/index.php?rest_route=\/wp\/v2\/pages"}],"about":[{"href":"https:\/\/pesulux.ee\/index.php?rest_route=\/wp\/v2\/types\/page"}],"author":[{"embeddable":true,"href":"https:\/\/pesulux.ee\/index.php?rest_route=\/wp\/v2\/users\/1"}],"replies":[{"embeddable":true,"href":"https:\/\/pesulux.ee\/index.php?rest_route=%2Fwp%2Fv2%2Fcomments&post=34"}],"version-history":[{"count":54,"href":"https:\/\/pesulux.ee\/index.php?rest_route=\/wp\/v2\/pages\/34\/revisions"}],"predecessor-version":[{"id":228,"href":"https:\/\/pesulux.ee\/index.php?rest_route=\/wp\/v2\/pages\/34\/revisions\/228"}],"wp:attachment":[{"href":"https:\/\/pesulux.ee\/index.php?rest_route=%2Fwp%2Fv2%2Fmedia&parent=34"}],"curies":[{"name":"wp","href":"https:\/\/api.w.org\/{rel}","templated":true}]}}